{"id":55,"date":"2020-05-18T05:51:46","date_gmt":"2020-05-18T03:51:46","guid":{"rendered":"https:\/\/elcellerdematadepera.restaurant\/dev\/?post_type=product&#038;p=55"},"modified":"2023-08-24T21:02:55","modified_gmt":"2023-08-24T19:02:55","slug":"cava-colet-classic-penedes","status":"publish","type":"product","link":"https:\/\/elcellerdematadepera.restaurant\/menjar-per-emportar\/producte\/cava-colet-classic-penedes\/","title":{"rendered":"Cava Colet cl\u00e0ssic Pened\u00e8s (Ampolla 75cl.)"},"content":{"rendered":"","protected":false},"excerpt":{"rendered":"<p>Cava d&#8217;elaboraci\u00f3 familiar amb DO\u00a0<em>Cl\u00e0ssic Pened\u00e8s<\/em>.<\/p>\n","protected":false},"featured_media":81,"template":"","meta":[],"product_brand":[],"product_cat":[18],"product_tag":[],"class_list":{"0":"post-55","1":"product","2":"type-product","3":"status-publish","4":"has-post-thumbnail","6":"product_cat-vins-i-cava","8":"first","9":"instock","10":"taxable","11":"shipping-taxable","12":"purchasable","13":"product-type-simple"},"_links":{"self":[{"href":"https:\/\/elcellerdematadepera.restaurant\/menjar-per-emportar\/wp-json\/wp\/v2\/product\/55","targetHints":{"allow":["GET"]}}],"collection":[{"href":"https:\/\/elcellerdematadepera.restaurant\/menjar-per-emportar\/wp-json\/wp\/v2\/product"}],"about":[{"href":"https:\/\/elcellerdematadepera.restaurant\/menjar-per-emportar\/wp-json\/wp\/v2\/types\/product"}],"wp:featuredmedia":[{"embeddable":true,"href":"https:\/\/elcellerdematadepera.restaurant\/menjar-per-emportar\/wp-json\/wp\/v2\/media\/81"}],"wp:attachment":[{"href":"https:\/\/elcellerdematadepera.restaurant\/menjar-per-emportar\/wp-json\/wp\/v2\/media?parent=55"}],"wp:term":[{"taxonomy":"product_brand","embeddable":true,"href":"https:\/\/elcellerdematadepera.restaurant\/menjar-per-emportar\/wp-json\/wp\/v2\/product_brand?post=55"},{"taxonomy":"product_cat","embeddable":true,"href":"https:\/\/elcellerdematadepera.restaurant\/menjar-per-emportar\/wp-json\/wp\/v2\/product_cat?post=55"},{"taxonomy":"product_tag","embeddable":true,"href":"https:\/\/elcellerdematadepera.restaurant\/menjar-per-emportar\/wp-json\/wp\/v2\/product_tag?post=55"}],"curies":[{"name":"wp","href":"https:\/\/api.w.org\/{rel}","templated":true}]}}