{"id":54,"date":"2020-05-18T05:51:23","date_gmt":"2020-05-18T03:51:23","guid":{"rendered":"https:\/\/elcellerdematadepera.restaurant\/dev\/?post_type=product&#038;p=54"},"modified":"2025-04-29T15:26:55","modified_gmt":"2025-04-29T13:26:55","slug":"aa-parvus-rose","status":"publish","type":"product","link":"https:\/\/elcellerdematadepera.restaurant\/menjar-per-emportar\/producte\/aa-parvus-rose\/","title":{"rendered":"Parvus Ros\u00e9  (75cl.)"},"content":{"rendered":"","protected":false},"excerpt":{"rendered":"<p>Vi rosat elaborat a partir de ra\u00efms ecol\u00f2gics de la varietat <em>syrah<\/em>.<\/p>\n","protected":false},"featured_media":89,"template":"","meta":[],"product_brand":[],"product_cat":[18],"product_tag":[],"class_list":{"0":"post-54","1":"product","2":"type-product","3":"status-publish","4":"has-post-thumbnail","6":"product_cat-vins-i-cava","8":"first","9":"instock","10":"taxable","11":"shipping-taxable","12":"purchasable","13":"product-type-simple"},"_links":{"self":[{"href":"https:\/\/elcellerdematadepera.restaurant\/menjar-per-emportar\/wp-json\/wp\/v2\/product\/54","targetHints":{"allow":["GET"]}}],"collection":[{"href":"https:\/\/elcellerdematadepera.restaurant\/menjar-per-emportar\/wp-json\/wp\/v2\/product"}],"about":[{"href":"https:\/\/elcellerdematadepera.restaurant\/menjar-per-emportar\/wp-json\/wp\/v2\/types\/product"}],"wp:featuredmedia":[{"embeddable":true,"href":"https:\/\/elcellerdematadepera.restaurant\/menjar-per-emportar\/wp-json\/wp\/v2\/media\/89"}],"wp:attachment":[{"href":"https:\/\/elcellerdematadepera.restaurant\/menjar-per-emportar\/wp-json\/wp\/v2\/media?parent=54"}],"wp:term":[{"taxonomy":"product_brand","embeddable":true,"href":"https:\/\/elcellerdematadepera.restaurant\/menjar-per-emportar\/wp-json\/wp\/v2\/product_brand?post=54"},{"taxonomy":"product_cat","embeddable":true,"href":"https:\/\/elcellerdematadepera.restaurant\/menjar-per-emportar\/wp-json\/wp\/v2\/product_cat?post=54"},{"taxonomy":"product_tag","embeddable":true,"href":"https:\/\/elcellerdematadepera.restaurant\/menjar-per-emportar\/wp-json\/wp\/v2\/product_tag?post=54"}],"curies":[{"name":"wp","href":"https:\/\/api.w.org\/{rel}","templated":true}]}}