{"id":2452,"date":"2020-12-03T00:11:19","date_gmt":"2020-12-02T23:11:19","guid":{"rendered":"https:\/\/elcellerdematadepera.restaurant\/menjar-per-emportar\/?page_id=2452"},"modified":"2020-12-04T09:06:59","modified_gmt":"2020-12-04T08:06:59","slug":"politica-de-compres-i-devolucions","status":"publish","type":"page","link":"https:\/\/elcellerdematadepera.restaurant\/menjar-per-emportar\/politica-de-compres-i-devolucions\/","title":{"rendered":"Pol\u00edtica de compres i devolucions"},"content":{"rendered":"\n<p><strong>1. \u00c1MBITO DE LAS CONDICIONES GENERALES DE COMPRA<\/strong><\/p>\n\n\n\n<p>Las presentes Condiciones Generales de Compra (las \u201cCondiciones Generales\u201d o las \u201cCGC\u201d) junto, en su caso, con las condiciones particulares que puedan establecerse, regular\u00e1n expresamente las relaciones surgidas entre la entidad EL NOU CELLER DE MATADEPERA, S.L.. (\u201cEL NOU CELLER DE MATADEPERA, S.L.\u201d), con C.I.F. B-64970064, inscrita en el Registro Mercantil de Tarragona, al tomo 762, libro 0, folio 160, hoja T-2120 e inscripci\u00f3n 1\u00aa, y cuyo domicilio se encuentra en Carrer Gaud\u00ed, 2 , 08230 \u2013 Matadepera (Barcelona), y los clientes que contraten los productos y servicios (el\/los \u201cCliente\/s\u201d o \u201cUsuario\/s\u201d y el\/los \u201cProducto\/s\u201d) ofrecidos por EL NOU CELLER DE MATADEPERA, S.L. a trav\u00e9s de la tienda online (la \u201cMenjar per emportar\u201d) disponible en el apartado Tienda del sitio web <a href=\"https:\/\/elcellerdematadepera.restaurant\/menjar-per-emportar\/\">www.elcellerdematadepera.restaurant\/menjar-per-emportar\/<\/a> (el \u201cSitio Web\u201d).<\/p>\n\n\n\n<p>El referido Sitio Web es titularidad de EL NOU CELLER DE MATADEPERA, S.L., tal y como indica en el Aviso Legal, que tambi\u00e9n es la que act\u00faa como vendedora en las transacciones llevadas a cabo en la Tienda Online.<\/p>\n\n\n\n<p>EL NOU CELLER DE MATADEPERA, S.L. opera en el tr\u00e1fico mercantil bajo el nombre comercial de El Celler de Matadepera.<\/p>\n\n\n\n<p>Puede obtener m\u00e1s informaci\u00f3n sobre EL NOU CELLER DE MATADEPERA, S.L. remitiendo un e-mail a la direcci\u00f3n de correo electr\u00f3nico info@elcellerdematadepera.com.<\/p>\n\n\n\n<p><strong>2. DESTINATARIOS<\/strong><\/p>\n\n\n\n<p>Los Productos ofrecidos en la Tienda Online van dirigidos, \u00fanica y exclusivamente, a personas f\u00edsicas, mayores de edad, y a personas jur\u00eddicas, en ambos casos conceptuadas como \u201cconsumidores\u201d o \u201cusuarios\u201d en el Real Decreto Legislativo 1\/2007, de 16 de noviembre, por el que se aprueba el texto refundido de la Ley General para la Defensa de los Consumidores y Usuarios y otras leyes complementarias (\u201cLey de Consumidores y Usuarios\u201d). En consecuencia, no podr\u00e1n adquirir los Productos ofertados a trav\u00e9s de la Tienda Online, a t\u00edtulo meramente enunciativo y no limitativo, menores de edad, supermercados, grandes superficies, mayoristas, distribuidores e intermediarios.<\/p>\n\n\n\n<p>Se considerar\u00e1 Usuario la persona registrada en el Sitio Web. Una vez que el Usuario efect\u00fae un pedido (\u201cPedido\u201d) y complete este Pedido, adquirir\u00e1 la condici\u00f3n de Cliente.<\/p>\n\n\n\n<p><strong>3. ACEPTACI\u00d3N DE LAS CONDICIONES GENERALES DE COMPRA<\/strong><\/p>\n\n\n\n<p>La realizaci\u00f3n de una compra en la Tienda Online requerir\u00e1 la aceptaci\u00f3n, plena y sin reservas, de las CGC, as\u00ed como de las condiciones particulares que, en su caso rijan la adquisici\u00f3n, en los siguientes t\u00e9rminos:<\/p>\n\n\n\n<p>La primera vez que un Usuario registrado compra deber\u00e1 marcar el checkbox de aceptaci\u00f3n correspondiente. Las siguientes veces que compre el checkbox aparecer\u00e1 premarcado, salvo que se hayan modificado las CGC, en cuyo caso se avisar\u00e1 de que ha habido cambios en las mismas y el Usuario registrado deber\u00e1 volver a marca el checkbox como muestra de aceptaci\u00f3n.<\/p>\n\n\n\n<p>EL NOU CELLER DE MATADEPERA, S.L. podr\u00e1 modificar de modo unilateral, en cualquier momento, las CGC. Por lo tanto, el Usuario deber\u00e1 leer atentamente las Condiciones Generales cada vez que se proponga acceder a la Tienda Online, ya que las mismas pueden sufrir modificaciones.<\/p>\n\n\n\n<p>Las CGC se complementan con el Aviso Legal y la Pol\u00edtica de Privacidad (\u201cLOPD\u201d), que deber\u00e1n ser aceptadas \u00edntegramente por los Usuarios del Sitio Web con car\u00e1cter previo a la realizaci\u00f3n de la compra y, una vez aceptadas, se entender\u00e1n incluidas en las CGC a los efectos legales oportunos.<\/p>\n\n\n\n<p><strong>4. PRODUCTOS &nbsp;Y PRECIOS<\/strong><\/p>\n\n\n\n<p>EL NOU CELLER DE MATADEPERA, S.L. ofrece una simple oferta de productos en su Tienda Online, respecto de los cuales aparecer\u00e1 en la pantalla su precio y sus caracter\u00edsticas. EL NOU CELLER DE MATADEPERA, S.L. le informa de que las im\u00e1genes de los Productos que el Usuario podr\u00e1 visualizar en la Tienda Online se muestran a los solos efectos identificativos y descriptivos, pudiendo diferir de los finalmente entregados al Cliente.<\/p>\n\n\n\n<p>EL NOU CELLER DE MATADEPERA, S.L. garantiza la existencia de todos los productos que se ofrecen en la Tienda Online, si bien, puntualmente puede no garantizar la disponibilidad de los mismos para todos los Usuarios y en los vol\u00famenes requeridos por \u00e9stos en el momento de efectuar el Pedido. En el supuesto de que en el momento de realizar la entrega del Pedido, EL NOU CELLER DE MATADEPERA, S.L. no contase con alg\u00fan producto de los seleccionados por el Cliente, se reembolsar\u00e0 dicho producto del Pedido al Cliente teniendo en cuenta el precio del mismo del importe final del Pedido.<\/p>\n\n\n\n<p>EL NOU CELLER DE MATADEPERA, S.L. garantiza que los Productos suministrados a trav\u00e9s de la Tienda Online cuentan con los m\u00e1s altos est\u00e1ndares de calidad.<\/p>\n\n\n\n<p>EL NOU CELLER DE MATADEPERA, S.L. garantiza al Cliente el precio del d\u00eda en que se realiz\u00f3 la compra, con independencia del d\u00eda en que se haga la entrega, de manera que el Cliente pueda aprovechar todas las ofertas existentes en el momento de realizar sus pedidos, sin perjuicio de que, en el momento de la entrega, dichas ofertas pudieran no estar vigentes.<\/p>\n\n\n\n<p>EL NOU CELLER DE MATADEPERA, S.L. le informa de que todos precios mostrados en la Tienda Online incluyen el Impuesto sobre el Valor A\u00f1adido (IVA) aplicable.<\/p>\n\n\n\n<p>EL NOU CELLER DE MATADEPERA, S.L. se reserva el derecho a modificar unilateralmente, en cualquier momento y sin aviso previo, los precios de los Productos, as\u00ed como a suspender o cancelar su venta de forma temporal o definitiva.<\/p>\n\n\n\n<p><strong>4.1 Informaci\u00f3n relevante de los Productos<\/strong><\/p>\n\n\n\n<p>Al respecto de lo indicado al inicio de este apartado 4, nuestra Tienda Online cumple con todas los requerimientos legalmente exigibles.<\/p>\n\n\n\n<p>Excepcionalmente, por la introducci\u00f3n de mejoras en los art\u00edculos comercializados, es posible que el Producto finalmente suministrado sufra alguna variaci\u00f3n en sus caracter\u00edsticas respecto de las indicadas en la Tienda Online. Por este motivo, se recomienda que, antes de adquirir y consumir o utilizar los Productos de la Tienda Online, lean con detenimiento la informaci\u00f3n disponible en nuestra Tienda Online junto con la contenida en el etiquetado. EL NOU CELLER DE MATADEPERA, S.L. no se hace responsable de posibles imprecisiones o incorrecciones en la informaci\u00f3n contenida en la Tienda Online.<\/p>\n\n\n\n<p>Adicionalmente, si el Cliente desease informaci\u00f3n suplementaria y actualizada sobre las concretas caracter\u00edsticas o indicaciones de seguridad de un determinado Producto, puede ponerse en contacto con el fabricante o con el Servicio de Atenci\u00f3n al Cliente a trav\u00e9s del correo electr\u00f3nico info@elcellerdematadepera.com<\/p>\n\n\n\n<p>La presente advertencia tiene por objeto exclusivamente garantizar la seguridad en la utilizaci\u00f3n de los Productos comercializados y no afecta a los derechos de los consumidores y usuarios de la Tienda Online.<\/p>\n\n\n\n<p><strong>4.2 Uso de c\u00f3digos promocionales<\/strong><\/p>\n\n\n\n<p>EL NOU CELLER DE MATADEPERA, S.L. puede ofrecer al Cliente, bien a trav\u00e9s de sus herramientas de Marketing, bien a trav\u00e9s de acuerdos con otras empresas o sitios Web, la posibilidad de utilizar c\u00f3digos promocionales que podr\u00e1n ser introducidos en la p\u00e1gina de resumen del carrito por el Usuario cuando la promoci\u00f3n este activa ya que tambi\u00e9n lo estara el campo para introducirlos. Los descuentos que se apliquen con los c\u00f3digos promocionales podr\u00e1n ser de diferentes tipos:<\/p>\n\n\n\n<p>\u00b7 &nbsp; &nbsp; &nbsp; &nbsp; Descuento aplicable a parte del pedido;<\/p>\n\n\n\n<p>\u00b7 &nbsp; &nbsp; &nbsp; &nbsp; Descuento aplicable a la totalidad del pedido;<\/p>\n\n\n\n<p>\u00b7 &nbsp; &nbsp; &nbsp; &nbsp; Descuento con o sin compra m\u00ednima exigida;<\/p>\n\n\n\n<p>\u00b7 &nbsp; &nbsp; &nbsp; &nbsp; Descuento en valor o descuento porcentual;<\/p>\n\n\n\n<p>\u00b7 &nbsp; &nbsp; &nbsp; &nbsp; Etc.<\/p>\n\n\n\n<p>Las condiciones concretas de cada c\u00f3digo promocional ser\u00e1n las que aparezcan asociadas al mismo, entendi\u00e9ndose si \u00e9stas no estuvieran escritas, las condiciones generales expresadas en este punto.<\/p>\n\n\n\n<p>Los Usuarios que hagan uso de c\u00f3digos promocionales en el sitio web <a href=\"https:\/\/elcellerdematadepera.restaurant\/menjar-per-emportar\/\">www.elcellerdematadepera.restaurant\/menjar-per-emportar\/<\/a> deber\u00e1n tener en cuenta que \u00e9stos pueden no ser acumulables.<\/p>\n\n\n\n<p>Todos los c\u00f3digos promocionales &nbsp;que EL NOU CELLER DE MATADEPERA, S.L. facilite por correo electr\u00f3nico u otros medios digitales a sus clientes tendr\u00e1n una validez m\u00e1xima de un (1) mes a menos que se especifique lo contrario.<\/p>\n\n\n\n<p>La aplicaci\u00f3n de un c\u00f3digo promocional puede quedar supeditada a una compra por un importe m\u00ednimo determinado y de hecho lo m\u00e1s normal es que as\u00ed sea.<\/p>\n\n\n\n<p>Los c\u00f3digos promocionales han de ser utilizados en su totalidad en cada acto de compra, no pudi\u00e9ndose acumular porciones de los mismos a posteriores compras. En el caso de que, por stock insuficiente, EL NOU CELLER DE MATADEPERA, S.L. no pueda servir todo lo pedido por el Usuario y el pedido haya sido realizado con c\u00f3digos promocionales, resultando de esta manera los c\u00f3digos promocionales gastados s\u00f3lo en parte, EL NOU CELLER DE MATADEPERA, S.L. no devolver\u00e1 el importe sobrante de dichos c\u00f3digos al usuario.<\/p>\n\n\n\n<p>EL NOU CELLER DE MATADEPERA, S.L. se reserva el derecho de cancelar los c\u00f3digos promocionales o vales descuento cuando observe un uso fraudulento o indebido del sistema de generaci\u00f3n de dichos c\u00f3digos. Se considera uso fraudulento o indebido del sistema de c\u00f3digos promocionales, entre otros, el env\u00edo de invitaciones entre cuentas de correo electr\u00f3nico de la misma persona o el uso de c\u00f3digos promocionales de la misma campa\u00f1a en diferentes pedidos del mismo usuario o a entregar en la misma direcci\u00f3n postal, cuando dicho uso estuviera limitado a un c\u00f3digo por usuario. Asimismo, EL NOU CELLER DE MATADEPERA, S.L. se reserva el derecho a anular todos los c\u00f3digos promocionales asociados a las cuentas sospechosas de uso indebido del sistema de c\u00f3digos promocionales.<\/p>\n\n\n\n<p>Se puede considerar tambi\u00e9n un uso fraudulento o indebido del sistema de descuento por c\u00f3digos promocionales el hecho de usar c\u00f3digos promocionales de invitaciones con el objetivo de autoinvitarse, a\u00fan y cuando se trate de usuarios registrados con diferente cuenta de correo electr\u00f3nico que compartan una misma direcci\u00f3n de entrega.<\/p>\n\n\n\n<p>Del mismo modo se considerar\u00eda un uso fraudulento el uso de diferentes cuentas de correo electr\u00f3nico para el uso de un mismo c\u00f3digo promocional creado y publicitado como un cup\u00f3n v\u00e1lido para una primera compra o de un solo uso, y cuya compra vaya destinada a un mismo usuario y\/o direcci\u00f3n postal de entrega.<\/p>\n\n\n\n<p><strong>5. PROCEDIMIENTO DE COMPRA Y PAGO<\/strong><\/p>\n\n\n\n<p><strong>5.1 Procedimiento de Compra<\/strong><\/p>\n\n\n\n<p>El Usuario podr\u00e1 realizar sus compras online las 24 horas del d\u00eda, los 7 d\u00edas de la semana, hasta las 11 horas am del mismo d\u00eda de la entrega de la compra.<\/p>\n\n\n\n<p>Una vez el Usuario entra en la Tienda Online, aparecer\u00e1n en la pantalla los Productos disponibles, con sus caracter\u00edsticas y sus precios, ordenados por categorias. El Usuario podr\u00e1 ir a\u00f1adiendo los productos elegidos haciendo clic en el bot\u00f3n \u201cA\u00f1adir a la cesta\u201d &nbsp;situado en la parte inferior izquierda de la imagen de cada Producto o bien debajo de la descripci\u00f3n dentro de la p\u00e1gina de cada producto. En la secci\u00f3n derecha del men\u00fa superior de la pantalla \u201cCesta\u201d podr\u00e1 ser visualizado por el Usuario el contenido del Pedido. Una vez finalizado el Pedido, el Usuario deber\u00e1 seleccionar la opci\u00f3n \u201cFinalizar compra\u201d, visible debajo de la lista de productos que se encuentran en la cesta. Finalmente, el Usuario proceder\u00e1 al pago de su compra, para lo cual deber\u00e1 seguir las instrucciones que aparecen en pantalla, de acuerdo con lo que se indica en el siguiente apartado 5.2.<\/p>\n\n\n\n<p>Se informa al Cliente de que el cargo del Pedido ser\u00e1 realizado de manera efectiva en su tarjeta de cr\u00e9dito o d\u00e9bito en el momento de la aceptaci\u00f3n de la compra.<\/p>\n\n\n\n<p><strong>5.2 Medios de pago<\/strong><\/p>\n\n\n\n<p>Para proceder al pago, el Usuario deber\u00e1 seguir todas y cada una de las instrucciones que aparecen en pantalla, pudi\u00e9ndose utilizar los medios de pago que se indiquen en la Tienda Online&nbsp;en cada momento.<\/p>\n\n\n\n<p>En todo caso, en l\u00ednea con lo previsto en el apartado 4.1 anterior, el uso de cupones o c\u00f3digos de descuento podr\u00e1 ser sometido a condiciones espec\u00edficas, adicionales a lo aqu\u00ed establecido, por su contenido, producto al que se refieren, por la condici\u00f3n de quien los usa, etc., que ser\u00e1n en todo caso comunicadas al Usuario durante el proceso de compra y que habr\u00e1n de ser cumplidas en su integridad para el uso del cup\u00f3n o c\u00f3digo de descuento correspondiente.<\/p>\n\n\n\n<p><strong>5.3 Confirmaci\u00f3n Documental<\/strong><\/p>\n\n\n\n<p>A la finalizaci\u00f3n del Pedido por parte del Cliente, \u00e9ste podr\u00e1 visualizar en la pantalla de su ordenador la comprobaci\u00f3n de la contrataci\u00f3n efectuada y el n\u00famero de confirmaci\u00f3n del pedido.<\/p>\n\n\n\n<p>EL NOU CELLER DE MATADEPERA, S.L. proceder\u00e1 a remitirle justificaci\u00f3n de la contrataci\u00f3n efectuada, con todos sus t\u00e9rminos en la direcci\u00f3n de correo electr\u00f3nico indicada, y en un plazo no superior a veinticuatro (24) horas a contar desde la finalizaci\u00f3n del Pedido por parte del Cliente.<\/p>\n\n\n\n<p><strong>6. ENTREGA Y RECOGIDA<\/strong><\/p>\n\n\n\n<p><strong>6.1 Cobertura Geogr\u00e1fica<\/strong><\/p>\n\n\n\n<p>La Tienda Online est\u00e1 disponible en todo el mundo.<\/p>\n\n\n\n<p>As\u00ed pues los productos se pueden adquirir des de donde el usuario quiera. Quedan excluidas todas aquellas zonas no pertenecientes a Espa\u00f1a para la adquisici\u00f3n y envio del producto.<\/p>\n\n\n\n<p><strong>6.2 Calendario de entrega o recogida<\/strong><\/p>\n\n\n\n<p>Los pedidos se entregar\u00e1n en el mismo restaurante, Carrer Gaud\u00ed, 2 , 08230 \u2013 Matadepera (Barcelona) por lo que el cliente deber\u00e1 pasar a recoger su pedido. Las entregas se realizar\u00e1n los s\u00e1bados y domingos (y en ocasiones especiales en d\u00edas festivos entre semana), a partir de les 12 pm hasta las 14.30 pm.<\/p>\n\n\n\n<p><strong>6.3 Gastos de Env\u00edo o Entrega<\/strong><\/p>\n\n\n\n<p>Los costes de recogida siempre ser\u00e1n de 0\u20ac.<\/p>\n\n\n\n<p><strong>6.4 Forma de entrega<\/strong><\/p>\n\n\n\n<p>La forma de entrega ser\u00e1 de recogida en el local cuya direcci\u00f3n figura en el Aviso Legal (\u201cCarrer Gaud\u00ed, 2 , 08230 \u2013 Matadepera (Barcelona)\u201d) para todos los pedidos.<\/p>\n\n\n\n<p>Los riesgos de p\u00e9rdida o deterioro del producto se transfieren al Cliente en el momento que \u00e9ste firma el albar\u00e1n de recepci\u00f3n.<\/p>\n\n\n\n<p><strong>7. DESISTIMIENTO: POL\u00cdTICA DE DEVOLUCIONES<\/strong><\/p>\n\n\n\n<p>Para el ejercicio de este derecho, el Cliente deber\u00e1 enviar un e-mail a la direcci\u00f3n de correo electr\u00f3nico\u00a0<strong>info@elcellerdematadepera.com<\/strong>, dentro de los catorce (7) d\u00edas h\u00e1biles siguientes a la fecha de entrega, en el que manifieste su decisi\u00f3n de desistir de la compra realizada y, consecuentemente, de devolver el Producto.<\/p>\n\n\n\n<p>Conforme a la Ley de Consumidores y Usuarios, se recuerdan las excepciones al derecho de desistimiento que principalmente pueden resultar de aplicaci\u00f3n en el caso de los Productos: el suministro de bienes que puedan deteriorarse o caducar con rapidez, y el suministro de bienes precintados que no sean aptos para ser devueltos por razones de protecci\u00f3n de la salud o de higiene y que hayan sido desprecintados tras la entrega.<\/p>\n\n\n\n<p><strong>8. RESPONSABILIDADES Y GARANT\u00cdAS<\/strong><\/p>\n\n\n\n<p>El Usuario registrado o Cliente ser\u00e1 responsable de:<\/p>\n\n\n\n<p>\u00b7 Todos aquellos actos que contravengan lo dispuesto en estas CGC, la ley, la moral, las costumbres generalmente aceptadas y el orden p\u00fablico.<\/p>\n\n\n\n<p>\u00b7 Cualquier acto que realizara de manera diferente a lo que EL NOU CELLER DE MATADEPERA, S.L., a trav\u00e9s de la Tienda Online, designara en sus indicaciones o instrucciones acerca del funcionamiento y utilizaci\u00f3n de los Productos.<\/p>\n\n\n\n<p>\u00b7 La utilizaci\u00f3n que haga de los Productos adquiridos, exonerando a EL NOU CELLER DE MATADEPERA, S.L. de la responsabilidad derivada de cualquier da\u00f1o que pudiera causar cualquier utilizaci\u00f3n correcta o incorrecta de los Productos.<\/p>\n\n\n\n<p>\u00b7 La certeza, exactitud, vigencia y actualidad de los datos con los que rellenara cada uno de los formularios que EL NOU CELLER DE MATADEPERA, S.L. requiere.<\/p>\n\n\n\n<p>\u00b7 Los da\u00f1os y perjuicios directos o indirectos que le hayan sido causados por cualquier tercero si el Usuario registrado o Cliente perdi\u00f3, desvel\u00f3, descuid\u00f3 o, de cualquier modo, dej\u00f3 por causas imputables a \u00e9l, que un tercero conociera sus datos personales necesarios para la adquisici\u00f3n de los Productos.<\/p>\n\n\n\n<p>\u00b7 Los da\u00f1os y perjuicios de toda naturaleza que EL NOU CELLER DE MATADEPERA, S.L. pueda sufrir como consecuencia de incumplimiento de cualquiera de las obligaciones a las que queda sometido por estas CGC.<\/p>\n\n\n\n<p>En ning\u00fan caso EL NOU CELLER DE MATADEPERA, S.L. responder\u00e1 de:<\/p>\n\n\n\n<p>\u00b7 Los da\u00f1os y perjuicios de cualquier tipo que se pudieran causar a los usuarios por la interrupci\u00f3n, terminaci\u00f3n o disfunci\u00f3n de la Tienda Online, por causas no imputables a EL NOU CELLER DE MATADEPERA, S.L..<\/p>\n\n\n\n<p>\u00b7 El mal uso, instalaci\u00f3n o tratamiento de los Productos realizado por el Cliente o por un tercero, no siguiendo las instrucciones y la documentaci\u00f3n aportada por EL NOU CELLER DE MATADEPERA, S.L. y\/o con el Producto.<\/p>\n\n\n\n<p>Las condiciones de Garant\u00eda aplicable a los Productos se rigen de acuerdo con lo previsto en la Ley de Consumidores y Usuarios, y en caso de garant\u00edas superiores a las legamente exigidas, conforme se indique en cada caso.<\/p>\n\n\n\n<p><strong>9. SERVICIO DE ATENCI\u00d3N AL CLIENTE<\/strong><\/p>\n\n\n\n<p>EL NOU CELLER DE MATADEPERA, S.L. pone a su disposici\u00f3n un servicio de atenci\u00f3n al cliente por v\u00eda electr\u00f3nica en la direcci\u00f3n&nbsp;<strong>info@elcellerdematadepera.com<\/strong>&nbsp;al que podr\u00e1 dirigirse el Usuario ante cualquier incidencia que surja en el proceso de contrataci\u00f3n online.<\/p>\n\n\n\n<p><strong>10. LEY Y JURISDICCI\u00d3N APLICABLE<\/strong><\/p>\n\n\n\n<p>Las Condiciones Generales se regir\u00e1n por la legislaci\u00f3n espa\u00f1ola com\u00fan, que ser\u00e1 de aplicaci\u00f3n en lo no dispuesto en las mismas en materia de interpretaci\u00f3n, validez y ejecuci\u00f3n.<\/p>\n\n\n\n<p>Para toda controversia que pudiera surgir en la interpretaci\u00f3n y aplicaci\u00f3n de las presentes Condiciones Generales, tanto EL NOU CELLER DE MATADEPERA, S.L. como los Usuarios o Clientes, se someten expresamente a la Jurisdicci\u00f3n de los Juzgados y Tribunales de la ciudad de Barcelona con renuncia a su fuero propio si lo hubiere.<\/p>\n","protected":false},"excerpt":{"rendered":"<p>1. \u00c1MBITO DE LAS CONDICIONES GENERALES DE COMPRA Las presentes Condiciones Generales de Compra (las \u201cCondiciones Generales\u201d o las \u201cCGC\u201d) junto, en su caso, con las condiciones particulares que puedan&#8230;<\/p>\n","protected":false},"author":1,"featured_media":0,"parent":0,"menu_order":0,"comment_status":"closed","ping_status":"closed","template":"","meta":{"footnotes":""},"class_list":["post-2452","page","type-page","status-publish"],"_links":{"self":[{"href":"https:\/\/elcellerdematadepera.restaurant\/menjar-per-emportar\/wp-json\/wp\/v2\/pages\/2452","targetHints":{"allow":["GET"]}}],"collection":[{"href":"https:\/\/elcellerdematadepera.restaurant\/menjar-per-emportar\/wp-json\/wp\/v2\/pages"}],"about":[{"href":"https:\/\/elcellerdematadepera.restaurant\/menjar-per-emportar\/wp-json\/wp\/v2\/types\/page"}],"author":[{"embeddable":true,"href":"https:\/\/elcellerdematadepera.restaurant\/menjar-per-emportar\/wp-json\/wp\/v2\/users\/1"}],"replies":[{"embeddable":true,"href":"https:\/\/elcellerdematadepera.restaurant\/menjar-per-emportar\/wp-json\/wp\/v2\/comments?post=2452"}],"version-history":[{"count":3,"href":"https:\/\/elcellerdematadepera.restaurant\/menjar-per-emportar\/wp-json\/wp\/v2\/pages\/2452\/revisions"}],"predecessor-version":[{"id":2463,"href":"https:\/\/elcellerdematadepera.restaurant\/menjar-per-emportar\/wp-json\/wp\/v2\/pages\/2452\/revisions\/2463"}],"wp:attachment":[{"href":"https:\/\/elcellerdematadepera.restaurant\/menjar-per-emportar\/wp-json\/wp\/v2\/media?parent=2452"}],"curies":[{"name":"wp","href":"https:\/\/api.w.org\/{rel}","templated":true}]}}