{"id":7432,"date":"2018-10-05T20:36:28","date_gmt":"2018-10-05T18:36:28","guid":{"rendered":"https:\/\/elcellerdematadepera.restaurant\/producte\/camiseta-conmemorativa-del-50o-aniversario-de-el-celler-de-matadepera-hombre\/"},"modified":"2020-04-25T14:56:19","modified_gmt":"2020-04-25T12:56:19","slug":"camiseta-conmemorativa-del-50o-aniversario-de-el-celler-de-matadepera-hombre","status":"publish","type":"product","link":"https:\/\/elcellerdematadepera.restaurant\/es\/producto\/camiseta-conmemorativa-del-50o-aniversario-de-el-celler-de-matadepera-hombre\/","title":{"rendered":"Camiseta 50\u00ba aniversario"},"content":{"rendered":"","protected":false},"excerpt":{"rendered":"<p>El gallo es un elemento muy representativo del restaurante que nos remonta a los or\u00edgenes de la Bodega como asador. Entonces, la primera generaci\u00f3n familiar del actual restaurante emprendi\u00f3 el negocio con pollos asados. Ya vamos por la tercera generaci\u00f3n! C\u00f3mo cambian los tiempos! Es por eso que nos gusta ser originales y recordar aquellos or\u00edgenes.<\/p>\n<div id=\"mediambient\" style=\"margin-bottom:30px;\">&#9853; Esta camiseta ha sido confeccionada en un comercio de proximidad, KM 0, para reducir el impacto que genere de su fabricaci\u00f3n en verso el planeta. Es una camiseta 100% hecha de algod\u00f3n proveniente de comercio justo de la misma manera que sus etiquetas e hilos, eliminando totalmente el polyester de su proceso de fabricaci\u00f3n. La serigraf\u00eda al agua ha sido el proceso d&#8217;estapmaci\u00f3n empleado para conseguir unos resultados menos rugosos y m\u00e1s agradables. Finalmente, el tallaje se ha dise\u00f1ado expresamente para producir un producto \u00fanico y exclusivo respetuoso con el medio ambiente.<\/div>\n[bg_collapse color=\"#72777c\" icon=\"arrow\" expand_text=\"Ayuda para elegir la talla\" collapse_text=\"Gracias\" ]<br \/>\n<img decoding=\"async\" src=\"https:\/\/elcellerdematadepera.restaurant\/wp-content\/uploads\/2018\/10\/Medidas-camiseta-HOMBRE.jpg\"\/><br \/>\n[\/bg_collapse]\n","protected":false},"featured_media":7450,"template":"","meta":[],"product_brand":[],"product_cat":[324],"product_tag":[],"class_list":{"0":"post-7432","1":"product","2":"type-product","3":"status-publish","4":"has-post-thumbnail","6":"product_cat-50o-aniversario","8":"first","9":"instock","10":"shipping-taxable","11":"purchasable","12":"product-type-variable"},"_links":{"self":[{"href":"https:\/\/elcellerdematadepera.restaurant\/es\/wp-json\/wp\/v2\/product\/7432","targetHints":{"allow":["GET"]}}],"collection":[{"href":"https:\/\/elcellerdematadepera.restaurant\/es\/wp-json\/wp\/v2\/product"}],"about":[{"href":"https:\/\/elcellerdematadepera.restaurant\/es\/wp-json\/wp\/v2\/types\/product"}],"wp:featuredmedia":[{"embeddable":true,"href":"https:\/\/elcellerdematadepera.restaurant\/es\/wp-json\/wp\/v2\/media\/7450"}],"wp:attachment":[{"href":"https:\/\/elcellerdematadepera.restaurant\/es\/wp-json\/wp\/v2\/media?parent=7432"}],"wp:term":[{"taxonomy":"product_brand","embeddable":true,"href":"https:\/\/elcellerdematadepera.restaurant\/es\/wp-json\/wp\/v2\/product_brand?post=7432"},{"taxonomy":"product_cat","embeddable":true,"href":"https:\/\/elcellerdematadepera.restaurant\/es\/wp-json\/wp\/v2\/product_cat?post=7432"},{"taxonomy":"product_tag","embeddable":true,"href":"https:\/\/elcellerdematadepera.restaurant\/es\/wp-json\/wp\/v2\/product_tag?post=7432"}],"curies":[{"name":"wp","href":"https:\/\/api.w.org\/{rel}","templated":true}]}}