{"id":6934,"date":"2018-05-09T13:49:58","date_gmt":"2018-05-09T11:49:58","guid":{"rendered":"https:\/\/elcellerdematadepera.restaurant\/?post_type=product&#038;p=6934"},"modified":"2026-03-13T11:52:30","modified_gmt":"2026-03-13T10:52:30","slug":"menu-raices","status":"publish","type":"product","link":"https:\/\/elcellerdematadepera.restaurant\/es\/producto\/menu-raices\/","title":{"rendered":"Men\u00fa Arrels"},"content":{"rendered":"","protected":false},"excerpt":{"rendered":"<p>El men\u00fa arrels para un comensal incluye:<\/p>\n<ul>\n<li>Pica-pica de entrante<\/li>\n<li>Plato principal a elegir entre un arroz, pescado o carne<\/li>\n<li>Postre<\/li>\n<\/ul>\n<p>El men\u00fa ra\u00edces se puede disfrutar<strong> todos los d\u00edas de la semana<\/strong>.<\/p>\n<p>La reserva es para <strong>mesas completas<\/strong>, y los <strong>men\u00fas<\/strong> <strong>no se pueden compartir<\/strong>. Una vez comprada la tarjeta regalo, <strong>debe llamarse con dos semanas de antelaci\u00f3n indicando el nombre de las personas con tarjeta regalo<\/strong> para <strong>reservar mesa<\/strong> y concretar los platos.<\/p>\n<h4>Ind\u00edcanos para qui\u00e9n va dirigida la Tarjeta Regalo, y le enviaremos en cuanto hayas procesado la compra.<\/h4>\n","protected":false},"featured_media":6904,"template":"","meta":[],"product_brand":[],"product_cat":[361],"product_tag":[],"class_list":{"0":"post-6934","1":"product","2":"type-product","3":"status-publish","4":"has-post-thumbnail","6":"product_cat-tarjeta-regalo","8":"first","9":"instock","10":"downloadable","11":"virtual","12":"purchasable","13":"product-type-simple"},"_links":{"self":[{"href":"https:\/\/elcellerdematadepera.restaurant\/es\/wp-json\/wp\/v2\/product\/6934","targetHints":{"allow":["GET"]}}],"collection":[{"href":"https:\/\/elcellerdematadepera.restaurant\/es\/wp-json\/wp\/v2\/product"}],"about":[{"href":"https:\/\/elcellerdematadepera.restaurant\/es\/wp-json\/wp\/v2\/types\/product"}],"wp:featuredmedia":[{"embeddable":true,"href":"https:\/\/elcellerdematadepera.restaurant\/es\/wp-json\/wp\/v2\/media\/6904"}],"wp:attachment":[{"href":"https:\/\/elcellerdematadepera.restaurant\/es\/wp-json\/wp\/v2\/media?parent=6934"}],"wp:term":[{"taxonomy":"product_brand","embeddable":true,"href":"https:\/\/elcellerdematadepera.restaurant\/es\/wp-json\/wp\/v2\/product_brand?post=6934"},{"taxonomy":"product_cat","embeddable":true,"href":"https:\/\/elcellerdematadepera.restaurant\/es\/wp-json\/wp\/v2\/product_cat?post=6934"},{"taxonomy":"product_tag","embeddable":true,"href":"https:\/\/elcellerdematadepera.restaurant\/es\/wp-json\/wp\/v2\/product_tag?post=6934"}],"curies":[{"name":"wp","href":"https:\/\/api.w.org\/{rel}","templated":true}]}}