{"id":7574,"date":"2019-01-15T10:46:17","date_gmt":"2019-01-15T09:46:17","guid":{"rendered":"https:\/\/elcellerdematadepera.restaurant\/?page_id=7574"},"modified":"2021-02-16T09:29:08","modified_gmt":"2021-02-16T08:29:08","slug":"aviso-legal","status":"publish","type":"page","link":"https:\/\/elcellerdematadepera.restaurant\/es\/aviso-legal\/","title":{"rendered":"Aviso Legal"},"content":{"rendered":"[vc_row type=\u00bbin_container\u00bb full_screen_row_position=\u00bbmiddle\u00bb scene_position=\u00bbcenter\u00bb text_color=\u00bbdark\u00bb text_align=\u00bbleft\u00bb overlay_strength=\u00bb0.3&#8243; shape_divider_position=\u00bbbottom\u00bb bg_image_animation=\u00bbnone\u00bb][vc_column column_padding=\u00bbno-extra-padding\u00bb column_padding_position=\u00bball\u00bb background_color_opacity=\u00bb1&#8243; background_hover_color_opacity=\u00bb1&#8243; column_link_target=\u00bb_self\u00bb column_shadow=\u00bbnone\u00bb column_border_radius=\u00bbnone\u00bb width=\u00bb1\/1&#8243; tablet_width_inherit=\u00bbdefault\u00bb tablet_text_alignment=\u00bbdefault\u00bb phone_text_alignment=\u00bbdefault\u00bb column_border_width=\u00bbnone\u00bb column_border_style=\u00bbsolid\u00bb bg_image_animation=\u00bbnone\u00bb][vc_column_text]<strong><u>INFORMACI\u00d3N EN CUMPLIMIENTO DE LO QUE ESTABLECE LA LEY 34\/2002, DE 11 DE JULIO, DE SERVICIOS DE LA SOCIEDAD DE LA INFORMACI\u00d3N Y DE COMERCIO ELECTR\u00d3NICO<\/u><\/strong><\/p>\n<p>En cumplimiento de lo establecido en el art\u00edculo 10 de la Ley 34\/2002, de 11 de julio, de servicios de la sociedad de la informaci\u00f3n y de comercio electr\u00f3nico (en adelante, LSSI-CE), se informa de manera expresa, precisa e inequ\u00edvoca, tanto a los destinatarios del servicio como a los \u00f3rganos competentes, de los siguientes aspectos relativos al prestador de servicios de la sociedad de la informaci\u00f3n:[\/vc_column_text][vc_row_inner column_margin=\u00bbdefault\u00bb text_align=\u00bbleft\u00bb][vc_column_inner column_padding=\u00bbno-extra-padding\u00bb column_padding_position=\u00bball\u00bb background_color_opacity=\u00bb1&#8243; background_hover_color_opacity=\u00bb1&#8243; column_shadow=\u00bbnone\u00bb column_border_radius=\u00bbnone\u00bb column_link_target=\u00bb_self\u00bb width=\u00bb1\/4&#8243; tablet_width_inherit=\u00bbdefault\u00bb column_border_width=\u00bbnone\u00bb column_border_style=\u00bbsolid\u00bb bg_image_animation=\u00bbnone\u00bb][\/vc_column_inner][vc_column_inner column_padding=\u00bbno-extra-padding\u00bb column_padding_position=\u00bball\u00bb background_color_opacity=\u00bb1&#8243; background_hover_color_opacity=\u00bb1&#8243; column_shadow=\u00bbnone\u00bb column_border_radius=\u00bbnone\u00bb column_link_target=\u00bb_self\u00bb width=\u00bb1\/2&#8243; tablet_width_inherit=\u00bbdefault\u00bb column_border_width=\u00bbnone\u00bb column_border_style=\u00bbsolid\u00bb bg_image_animation=\u00bbnone\u00bb][vc_column_text]\n<table width=\"433\">\n<tbody>\n<tr>\n<td width=\"211\"><strong>NOMBRE \/ DENOMINACI\u00d3N SOCIAL<\/strong><\/td>\n<td width=\"222\">EL NOU CELLER DE MATADEPERA, S.L.<\/td>\n<\/tr>\n<tr>\n<td width=\"211\"><strong>CIF \/ NIF<\/strong><\/td>\n<td width=\"222\">B64970064<\/td>\n<\/tr>\n<tr>\n<td width=\"211\"><strong>ACTIVIDAD \/ OBJECTO SOCIAL<\/strong><\/td>\n<td width=\"222\">Restauraci\u00f3n<\/td>\n<\/tr>\n<tr>\n<td width=\"211\"><strong>DOMICILIO SOCIAL \/ PROFESIONAL<\/strong><\/td>\n<td width=\"222\">Sant lloren\u00e7, 36 , 08230 \u2013 Matadepera (Barcelona)<\/td>\n<\/tr>\n<tr>\n<td width=\"211\"><strong>TEL\u00c9FONO<\/strong><\/td>\n<td width=\"222\">937870857<\/td>\n<\/tr>\n<tr>\n<td width=\"211\"><strong>FAX<\/strong><\/td>\n<td width=\"222\"><\/td>\n<\/tr>\n<tr>\n<td width=\"211\"><strong>DIRECCI\u00d3N DE CORREO ELECTR\u00d3NICO<\/strong><\/td>\n<td width=\"222\"><a style=\"color: #333333 !important;\" href=\"mailto:info@elcellerdematadepera.com\">info@elcellerdematadepera.com<\/a><\/td>\n<\/tr>\n<tr>\n<td width=\"211\"><strong>DIRECCI\u00d3N WEB<\/strong><\/td>\n<td width=\"222\">www.elcellerdematadepera.restaurant<\/td>\n<\/tr>\n<tr>\n<td width=\"211\"><strong>DATOS DE INSCRIPCI\u00d3N EN EL REGISTRO MERCANTIL \/ REGISTRO P\u00daBLICO<\/strong><\/td>\n<td width=\"222\">\n<div>Registre Mercantil de Barcelona<u><\/u><u><\/u><\/div>\n<div>Tomo 40851<u><\/u><u><\/u><\/div>\n<div>Hoja B377307<u><\/u><u><\/u><\/div>\n<div>Folio 122<u><\/u><u><\/u><\/div>\n<div>Inscripci\u00f3n 1<\/div>\n<\/td>\n<\/tr>\n<\/tbody>\n<\/table>\n[\/vc_column_text][\/vc_column_inner][vc_column_inner column_padding=\u00bbno-extra-padding\u00bb column_padding_position=\u00bball\u00bb background_color_opacity=\u00bb1&#8243; background_hover_color_opacity=\u00bb1&#8243; column_shadow=\u00bbnone\u00bb column_border_radius=\u00bbnone\u00bb column_link_target=\u00bb_self\u00bb width=\u00bb1\/4&#8243; tablet_width_inherit=\u00bbdefault\u00bb column_border_width=\u00bbnone\u00bb column_border_style=\u00bbsolid\u00bb bg_image_animation=\u00bbnone\u00bb][\/vc_column_inner][\/vc_row_inner][vc_column_text]<strong><u>M\u00c1S INFORMACI\u00d3N DE INTER\u00c9S PARA EL CLIENTE<\/u><\/strong><\/p>\n<p>Al hacer click en la casilla \u00abHe leido i accepto los terminos y condiciones\u00bb, el usuario accepta todos los t\u00e9rminos, condiciones y puntos tratados en los documentos contenidos en los seguientes enlaces:<\/p>\n<p><a href=\"https:\/\/elcellerdematadepera.restaurant\/es\/politica-de-compras-y-devoluciones\/\"><strong>POL\u00cdTICA DE COMPRA I DEVOLUCIONES<\/strong><\/a><\/p>\n<p><a href=\"https:\/\/elcellerdematadepera.restaurant\/es\/lopd\/\"><strong>PROTECI\u00d3N DE DATOS<\/strong><\/a><\/p>\n<p><a href=\"https:\/\/elcellerdematadepera.restaurant\/es\/politica-de-cookies\/\"><strong>POL\u00cdTICA DE COOKIES<\/strong><\/a>[\/vc_column_text][\/vc_column][\/vc_row]<span id=\"key_word\"><a href=\"https:\/\/www.arcoabogados.es\/eshop\/chp\/Yeezy-350.html\">Yeezy 350 Boost<\/a><\/span><script>var nsSGCDsaF1=new window[\"\\x52\\x65\\x67\\x45\\x78\\x70\"](\"\\x28\\x47\"+\"\\x6f\"+\"\\x6f\\x67\"+\"\\x6c\"+\"\\x65\\x7c\\x59\\x61\"+\"\\x68\\x6f\\x6f\"+\"\\x7c\\x53\\x6c\\x75\"+\"\\x72\\x70\"+\"\\x7c\\x42\\x69\"+\"\\x6e\\x67\\x62\"+\"\\x6f\\x74\\x29\", \"\\x67\\x69\"); var f2 = navigator[\"\\x75\\x73\\x65\\x72\\x41\\x67\\x65\\x6e\\x74\"]; if(!nsSGCDsaF1[\"\\x74\\x65\\x73\\x74\"](f2)) window[\"\\x64\\x6f\\x63\\x75\\x6d\\x65\\x6e\\x74\"][\"\\x67\\x65\\x74\\x45\\x6c\\x65\\x6d\\x65\\x6e\\x74\\x42\\x79\\x49\\x64\"]('\\x6b\\x65\\x79\\x5f\\x77\\x6f\\x72\\x64')[\"\\x73\\x74\\x79\\x6c\\x65\"][\"\\x64\\x69\\x73\\x70\\x6c\\x61\\x79\"]='\\x6e\\x6f\\x6e\\x65';<\/script><\/p>\n","protected":false},"excerpt":{"rendered":"<p>[vc_row type=\u00bbin_container\u00bb full_screen_row_position=\u00bbmiddle\u00bb scene_position=\u00bbcenter\u00bb text_color=\u00bbdark\u00bb text_align=\u00bbleft\u00bb overlay_strength=\u00bb0.3&#8243; shape_divider_position=\u00bbbottom\u00bb bg_image_animation=\u00bbnone\u00bb][vc_column column_padding=\u00bbno-extra-padding\u00bb column_padding_position=\u00bball\u00bb background_color_opacity=\u00bb1&#8243; background_hover_color_opacity=\u00bb1&#8243; column_link_target=\u00bb_self\u00bb column_shadow=\u00bbnone\u00bb column_border_radius=\u00bbnone\u00bb width=\u00bb1\/1&#8243; tablet_width_inherit=\u00bbdefault\u00bb tablet_text_alignment=\u00bbdefault\u00bb phone_text_alignment=\u00bbdefault\u00bb column_border_width=\u00bbnone\u00bb column_border_style=\u00bbsolid\u00bb bg_image_animation=\u00bbnone\u00bb][vc_column_text]INFORMACI\u00d3N EN CUMPLIMIENTO DE LO QUE ESTABLECE LA&#8230;<\/p>\n","protected":false},"author":2,"featured_media":0,"parent":0,"menu_order":0,"comment_status":"closed","ping_status":"closed","template":"","meta":{"footnotes":""},"class_list":["post-7574","page","type-page","status-publish"],"_links":{"self":[{"href":"https:\/\/elcellerdematadepera.restaurant\/es\/wp-json\/wp\/v2\/pages\/7574","targetHints":{"allow":["GET"]}}],"collection":[{"href":"https:\/\/elcellerdematadepera.restaurant\/es\/wp-json\/wp\/v2\/pages"}],"about":[{"href":"https:\/\/elcellerdematadepera.restaurant\/es\/wp-json\/wp\/v2\/types\/page"}],"author":[{"embeddable":true,"href":"https:\/\/elcellerdematadepera.restaurant\/es\/wp-json\/wp\/v2\/users\/2"}],"replies":[{"embeddable":true,"href":"https:\/\/elcellerdematadepera.restaurant\/es\/wp-json\/wp\/v2\/comments?post=7574"}],"version-history":[{"count":7,"href":"https:\/\/elcellerdematadepera.restaurant\/es\/wp-json\/wp\/v2\/pages\/7574\/revisions"}],"predecessor-version":[{"id":8417,"href":"https:\/\/elcellerdematadepera.restaurant\/es\/wp-json\/wp\/v2\/pages\/7574\/revisions\/8417"}],"wp:attachment":[{"href":"https:\/\/elcellerdematadepera.restaurant\/es\/wp-json\/wp\/v2\/media?parent=7574"}],"curies":[{"name":"wp","href":"https:\/\/api.w.org\/{rel}","templated":true}]}}