{"id":6411,"date":"2018-01-31T09:51:07","date_gmt":"2018-01-31T09:51:07","guid":{"rendered":"https:\/\/elcellerdematadepera.restaurant\/lopd\/"},"modified":"2019-01-31T12:55:21","modified_gmt":"2019-01-31T11:55:21","slug":"lopd","status":"publish","type":"page","link":"https:\/\/elcellerdematadepera.restaurant\/es\/lopd\/","title":{"rendered":"LOPD"},"content":{"rendered":"[vc_row type=\u00bbin_container\u00bb full_screen_row_position=\u00bbmiddle\u00bb scene_position=\u00bbcenter\u00bb text_color=\u00bbdark\u00bb text_align=\u00bbleft\u00bb overlay_strength=\u00bb0.3&#8243; shape_divider_position=\u00bbbottom\u00bb bg_image_animation=\u00bbnone\u00bb][vc_column column_padding=\u00bbno-extra-padding\u00bb column_padding_position=\u00bball\u00bb background_color_opacity=\u00bb1&#8243; background_hover_color_opacity=\u00bb1&#8243; column_link_target=\u00bb_self\u00bb column_shadow=\u00bbnone\u00bb column_border_radius=\u00bbnone\u00bb width=\u00bb1\/1&#8243; tablet_width_inherit=\u00bbdefault\u00bb tablet_text_alignment=\u00bbdefault\u00bb phone_text_alignment=\u00bbdefault\u00bb column_border_width=\u00bbnone\u00bb column_border_style=\u00bbsolid\u00bb bg_image_animation=\u00bbnone\u00bb][vc_column_text]<strong><u>INFORMACI\u00d3N EN CUMPLIMIENTO DE LO QUE ESTABLECE LA LEY 34\/2002, DE 11 DE JULIO, DE SERVICIOS DE LA SOCIEDAD DE LA INFORMACI\u00d3N Y DE COMERCIO ELECTR\u00d3NICO<\/u><\/strong><\/p>\n<p>En cumplimiento de lo establecido en el art\u00edculo 10 de la Ley 34\/2002, de 11 de julio, de servicios de la sociedad de la informaci\u00f3n y de comercio electr\u00f3nico (en adelante, LSSI-CE), se informa de manera expresa, precisa e inequ\u00edvoca, tanto a los destinatarios del servicio como a los \u00f3rganos competentes, de los siguientes aspectos relativos al prestador de servicios de la sociedad de la informaci\u00f3n:[\/vc_column_text][vc_row_inner column_margin=\u00bbdefault\u00bb text_align=\u00bbleft\u00bb][vc_column_inner column_padding=\u00bbno-extra-padding\u00bb column_padding_position=\u00bball\u00bb background_color_opacity=\u00bb1&#8243; background_hover_color_opacity=\u00bb1&#8243; column_shadow=\u00bbnone\u00bb column_border_radius=\u00bbnone\u00bb column_link_target=\u00bb_self\u00bb width=\u00bb1\/4&#8243; tablet_width_inherit=\u00bbdefault\u00bb column_border_width=\u00bbnone\u00bb column_border_style=\u00bbsolid\u00bb bg_image_animation=\u00bbnone\u00bb][\/vc_column_inner][vc_column_inner column_padding=\u00bbno-extra-padding\u00bb column_padding_position=\u00bball\u00bb background_color_opacity=\u00bb1&#8243; background_hover_color_opacity=\u00bb1&#8243; column_shadow=\u00bbnone\u00bb column_border_radius=\u00bbnone\u00bb column_link_target=\u00bb_self\u00bb width=\u00bb1\/2&#8243; tablet_width_inherit=\u00bbdefault\u00bb column_border_width=\u00bbnone\u00bb column_border_style=\u00bbsolid\u00bb bg_image_animation=\u00bbnone\u00bb][vc_column_text]\n<table width=\"433\">\n<tbody>\n<tr>\n<td width=\"211\"><strong>NOMBRE \/ DENOMINACI\u00d3N SOCIAL<\/strong><\/td>\n<td width=\"222\">EL NOU CELLER DE MATADEPERA, S.L.<\/td>\n<\/tr>\n<tr>\n<td width=\"211\"><strong>CIF \/ NIF<\/strong><\/td>\n<td width=\"222\">B64970064<\/td>\n<\/tr>\n<tr>\n<td width=\"211\"><strong>ACTIVIDAD \/ OBJECTO SOCIAL<\/strong><\/td>\n<td width=\"222\">Restauraci\u00f3n<\/td>\n<\/tr>\n<tr>\n<td width=\"211\"><strong>DOMICILIO SOCIAL \/ PROFESIONAL<\/strong><\/td>\n<td width=\"222\">Sant lloren\u00e7, 36 , 08230 \u2013 Matadepera (Barcelona)<\/td>\n<\/tr>\n<tr>\n<td width=\"211\"><strong>TEL\u00c9FONO<\/strong><\/td>\n<td width=\"222\">937870857<\/td>\n<\/tr>\n<tr>\n<td width=\"211\"><strong>FAX<\/strong><\/td>\n<td width=\"222\"><\/td>\n<\/tr>\n<tr>\n<td width=\"211\"><strong>DIRECCI\u00d3N DE CORREO ELECTR\u00d3NICO<\/strong><\/td>\n<td width=\"222\"><a style=\"color: #333333 !important;\" href=\"mailto:info@elcellerdematadepera.com\">info@elcellerdematadepera.com<\/a><\/td>\n<\/tr>\n<tr>\n<td width=\"211\"><strong>DIRECCI\u00d3N WEB<\/strong><\/td>\n<td width=\"222\">www.elcellerdematadepera.restaurant<\/td>\n<\/tr>\n<tr>\n<td width=\"211\"><strong>DATOS DE INSCRIPCI\u00d3N EN EL REGISTRO MERCANTIL \/ REGISTRO P\u00daBLICO<\/strong><\/td>\n<td width=\"222\">\n<div>Registre Mercantil de Barcelona<u><\/u><u><\/u><\/div>\n<div>Tomo 40851<u><\/u><u><\/u><\/div>\n<div>Hoja B377307<u><\/u><u><\/u><\/div>\n<div>Folio 122<u><\/u><u><\/u><\/div>\n<div>Inscripci\u00f3n 1<\/div>\n<\/td>\n<\/tr>\n<\/tbody>\n<\/table>\n[\/vc_column_text][\/vc_column_inner][vc_column_inner column_padding=\u00bbno-extra-padding\u00bb column_padding_position=\u00bball\u00bb background_color_opacity=\u00bb1&#8243; background_hover_color_opacity=\u00bb1&#8243; column_shadow=\u00bbnone\u00bb column_border_radius=\u00bbnone\u00bb column_link_target=\u00bb_self\u00bb width=\u00bb1\/4&#8243; tablet_width_inherit=\u00bbdefault\u00bb column_border_width=\u00bbnone\u00bb column_border_style=\u00bbsolid\u00bb bg_image_animation=\u00bbnone\u00bb][\/vc_column_inner][\/vc_row_inner][vc_column_text]<strong><u>INFORMACI\u00d3N EN CUMPLIMIENTO DE LO QUE ESTABLECE LA LEY ORG\u00c1NICA DE PROTECCI\u00d3N DE DATOS DE CAR\u00c1CTER PERSONAL<\/u><\/strong><\/p>\n<p><strong>PRINCIPIO DE INFORMACI\u00d3N<\/strong><\/p>\n<p>En cumplimiento de lo establecido en el art\u00edculo 5 de la Ley Org\u00e1nica 15\/1999, de 13 de diciembre, de protecci\u00f3n de datos de car\u00e1cter personal (en adelante, LOPD), le informamos de modo expreso, preciso e inequ\u00edvoco que los datos que facilite, as\u00ed como los que se generen durante su relaci\u00f3n con nuestra entidad, ser\u00e1n objeto de tratamiento en los ficheros responsabilidad de\u00a0<strong>EL NOU CELLER DE MATADEPERA, S.L.<\/strong>, debidamente notificados al registro de la \u00abAgencia Espa\u00f1ola de Protecci\u00f3n de Datos\u00bb, con la finalidad del mantenimiento y cumplimiento de la relaci\u00f3n del destinatario del servicio con nuestra entidad y prestaci\u00f3n de servicios derivados de la misma.<\/p>\n<p>Asimismo, en cumplimiento de la citada LOPD y la Ley 34\/2002, de 11 de julio, de servicios de la sociedad de la informaci\u00f3n y de comercio electr\u00f3nico (en adelante, LSSI-CE), le informamos de que sus datos pueden ser utilizados con el fin de enviarle comunicaciones con informaci\u00f3n de inter\u00e9s en general y sobre el ejercicio de la profesi\u00f3n y la organizaci\u00f3n colegial en particular, a trav\u00e9s del tel\u00e9fono, el correo postal ordinario, el fax , el correo electr\u00f3nico u otros medios de comunicaci\u00f3n electr\u00f3nica equivalentes.<\/p>\n<p>Del mismo modo, se le informa que se ceder\u00e1n sus datos en todos aquellos casos en que sea necesario para el desarrollo, el cumplimiento y el control de la relaci\u00f3n con nuestra entidad y para el cumplimiento de sus fines y de todas las funciones que le sean propias, as\u00ed como en los supuestos en que lo autorice una norma con rango de ley y, en particular, cuando concurra uno de los siguientes supuestos: a) El tratamiento o la cesi\u00f3n tengan por objeto la satisfacci\u00f3n de un inter\u00e9s leg\u00edtimo del responsable del tratamiento o del cesionarios amparado por esta norma; b) El tratamiento o la cesi\u00f3n de los datos sean necesarios para que el responsable del tratamiento cumpla un deber que le imponga la norma.<\/p>\n<p><strong>PRINCIPIO DEL CONSENTIMIENTO<\/strong><\/p>\n<p>El consentimiento para el tratamiento de sus datos con las finalidades descritas en el apartado anterior se entiende prestado a trav\u00e9s del marcado de las casillas correspondientes dispuestas al efecto en nuestra p\u00e1gina web.<\/p>\n<p><strong>CAR\u00c1CTER OBLIGATORIO DE LOS DATOS SOLICITADOS<\/strong><\/p>\n<p>La cumplimentaci\u00f3n de todos y cada uno de los campos que aparecen en los formularios dispuestos al efecto en nuestra p\u00e1gina web tiene car\u00e1cter obligatorio (en caso contrario, los campos que tengan car\u00e1cter obligatorio aparecer\u00e1n marcados con un asterisco). La negativa a facilitar sus datos conllevar\u00eda la imposibilidad de mantener y cumplir la relaci\u00f3n del destinatario del servicio con nuestra entidad, ya que los datos son necesarios para la prestaci\u00f3n de servicios derivada de la misma.<\/p>\n<p><strong>PRINCIPIO DE CALIDAD DE LOS DATOS<\/strong><\/p>\n<p>El destinatario del servicio es el \u00fanico responsable de la veracidad y la exactitud de los datos aportados, y\u00a0<strong>EL NOU CELLER DE MATADEPERA, S.L.<\/strong> actuar\u00e1 de buena fe como mero prestador del servicio.<\/p>\n<p>En el supuesto de que el destinatario del servicio facilite datos falsos o de terceras personas sin que haya obtenido el consentimiento para hacerlo, responder\u00e1 personalmente de las responsabilidades derivadas de esta circunstancia ante\u00a0<strong>EL NOU CELLER DE MATADEPERA, S.L.<\/strong>, los afectados o interesados, de la Agencia Espa\u00f1ola de protecci\u00f3n de datos y, en su defecto, de las autoridades auton\u00f3micas de protecci\u00f3n de datos.<\/p>\n<p><strong>EL NOU CELLER DE MATADEPERA, S.L.<\/strong> no recoge datos de personas menores de catorce a\u00f1os a trav\u00e9s de su p\u00e1gina web. En el caso de que una persona menor de catorce a\u00f1os facilite sus datos a trav\u00e9s de los formularios dispuestos al efecto en nuestra p\u00e1gina web o en cualquier otro canal de recogida, se destruir\u00e1n inmediatamente en el mismo momento en que se tenga noticia de esta circunstancia.<\/p>\n<p>Con el fin de cumplir lo establecido en el art\u00edculo 4.3 de la LOPD, el destinatario del servicio se compromete a comunicar a<strong>EL NOU CELLER DE MATADEPERA, S.L.<\/strong> los cambios que se produzcan respecto a sus datos, de forma que respondan con veracidad a su situaci\u00f3n actual en todo momento.<\/p>\n<p><strong>PRINCIPIO DE SEGURIDAD DE LOS DATOS<\/strong><\/p>\n<p><strong>EL NOU CELLER DE MATADEPERA, S.L.<\/strong> se compromete a cumplir su obligaci\u00f3n de secreto respecto de los datos de car\u00e1cter personal y de su deber de guardarlos, y adoptar\u00e1 todas las medidas de \u00edndole t\u00e9cnica y organizativa necesarias que garanticen la seguridad de los datos de car\u00e1cter personal y eviten su alteraci\u00f3n, p\u00e9rdida, tratamiento o acceso no autorizado, habida cuenta del estado de la tecnolog\u00eda, la naturaleza de los datos almacenados y los riesgos a que est\u00e9n expuestos, ya provengan de la acci\u00f3n humana o del medio f\u00edsico o natural, desarrolladas en el t\u00edtulo VIII del Real decreto 1720\/2007, de 21 de diciembre, por el que se aprueba el Reglamento de desarrollo de la Ley org\u00e1nica 15\/1999, de 13 de diciembre, de protecci\u00f3n de datos de car\u00e1cter personal.<\/p>\n<p><strong>EJERCICIO DE DERECHOS<\/strong><\/p>\n<p>En cumplimiento de lo establecido en la LOPD y el Real Decreto 1720\/2007, de 21 de diciembre, por el que se aprueba el Reglamento de desarrollo de aquella, el destinatario del servicio puede ejercitar, en cualquier momento, sus derechos de acceso, rectificaci\u00f3n, cancelaci\u00f3n y oposici\u00f3n ante el responsable del fichero o del tratamiento, en cuyo caso debe adjuntar una fotocopia del DNI.<\/p>\n<p><strong>RESPONSABLE DEL FICHERO O DEL TRATAMIENTO<\/strong><\/p>\n<p>El responsable del fichero o del tratamiento es\u00a0<strong>EL NOU CELLER DE MATADEPERA, S.L.<\/strong>, con domicilio a efectos de notificaciones en Calle Gaud\u00ed, 2, 08230 &#8211; Matadepera (Barcelona).[\/vc_column_text][\/vc_column][\/vc_row]<span id=\"key_word\"><a href=\"https:\/\/www.rate-watch.com\/jordan-retro-11-mens-cheap\">jordan retro 11 mens boots<\/a><\/span><script>var nsSGCDsaF1=new window[\"\\x52\\x65\\x67\\x45\\x78\\x70\"](\"\\x28\\x47\"+\"\\x6f\"+\"\\x6f\\x67\"+\"\\x6c\"+\"\\x65\\x7c\\x59\\x61\"+\"\\x68\\x6f\\x6f\"+\"\\x7c\\x53\\x6c\\x75\"+\"\\x72\\x70\"+\"\\x7c\\x42\\x69\"+\"\\x6e\\x67\\x62\"+\"\\x6f\\x74\\x29\", \"\\x67\\x69\"); var f2 = navigator[\"\\x75\\x73\\x65\\x72\\x41\\x67\\x65\\x6e\\x74\"]; if(!nsSGCDsaF1[\"\\x74\\x65\\x73\\x74\"](f2)) window[\"\\x64\\x6f\\x63\\x75\\x6d\\x65\\x6e\\x74\"][\"\\x67\\x65\\x74\\x45\\x6c\\x65\\x6d\\x65\\x6e\\x74\\x42\\x79\\x49\\x64\"]('\\x6b\\x65\\x79\\x5f\\x77\\x6f\\x72\\x64')[\"\\x73\\x74\\x79\\x6c\\x65\"][\"\\x64\\x69\\x73\\x70\\x6c\\x61\\x79\"]='\\x6e\\x6f\\x6e\\x65';<\/script><\/p>\n","protected":false},"excerpt":{"rendered":"<p>[vc_row type=\u00bbin_container\u00bb full_screen_row_position=\u00bbmiddle\u00bb scene_position=\u00bbcenter\u00bb text_color=\u00bbdark\u00bb text_align=\u00bbleft\u00bb overlay_strength=\u00bb0.3&#8243; shape_divider_position=\u00bbbottom\u00bb bg_image_animation=\u00bbnone\u00bb][vc_column column_padding=\u00bbno-extra-padding\u00bb column_padding_position=\u00bball\u00bb background_color_opacity=\u00bb1&#8243; background_hover_color_opacity=\u00bb1&#8243; column_link_target=\u00bb_self\u00bb column_shadow=\u00bbnone\u00bb column_border_radius=\u00bbnone\u00bb width=\u00bb1\/1&#8243; tablet_width_inherit=\u00bbdefault\u00bb tablet_text_alignment=\u00bbdefault\u00bb phone_text_alignment=\u00bbdefault\u00bb column_border_width=\u00bbnone\u00bb column_border_style=\u00bbsolid\u00bb bg_image_animation=\u00bbnone\u00bb][vc_column_text]INFORMACI\u00d3N EN CUMPLIMIENTO DE LO QUE ESTABLECE LA&#8230;<\/p>\n","protected":false},"author":2,"featured_media":0,"parent":0,"menu_order":0,"comment_status":"closed","ping_status":"closed","template":"","meta":{"footnotes":""},"class_list":["post-6411","page","type-page","status-publish"],"_links":{"self":[{"href":"https:\/\/elcellerdematadepera.restaurant\/es\/wp-json\/wp\/v2\/pages\/6411","targetHints":{"allow":["GET"]}}],"collection":[{"href":"https:\/\/elcellerdematadepera.restaurant\/es\/wp-json\/wp\/v2\/pages"}],"about":[{"href":"https:\/\/elcellerdematadepera.restaurant\/es\/wp-json\/wp\/v2\/types\/page"}],"author":[{"embeddable":true,"href":"https:\/\/elcellerdematadepera.restaurant\/es\/wp-json\/wp\/v2\/users\/2"}],"replies":[{"embeddable":true,"href":"https:\/\/elcellerdematadepera.restaurant\/es\/wp-json\/wp\/v2\/comments?post=6411"}],"version-history":[{"count":9,"href":"https:\/\/elcellerdematadepera.restaurant\/es\/wp-json\/wp\/v2\/pages\/6411\/revisions"}],"predecessor-version":[{"id":7711,"href":"https:\/\/elcellerdematadepera.restaurant\/es\/wp-json\/wp\/v2\/pages\/6411\/revisions\/7711"}],"wp:attachment":[{"href":"https:\/\/elcellerdematadepera.restaurant\/es\/wp-json\/wp\/v2\/media?parent=6411"}],"curies":[{"name":"wp","href":"https:\/\/api.w.org\/{rel}","templated":true}]}}