{"id":6407,"date":"2018-02-20T12:51:07","date_gmt":"2018-02-20T11:51:07","guid":{"rendered":"https:\/\/elcellerdematadepera.restaurant\/?page_id=6407"},"modified":"2018-02-21T13:12:08","modified_gmt":"2018-02-21T12:12:08","slug":"politica-de-cookies","status":"publish","type":"page","link":"https:\/\/elcellerdematadepera.restaurant\/es\/politica-de-cookies\/","title":{"rendered":"Pol\u00edtica de cookies"},"content":{"rendered":"[vc_row type=\u00bbin_container\u00bb full_screen_row_position=\u00bbmiddle\u00bb scene_position=\u00bbcenter\u00bb text_color=\u00bbdark\u00bb text_align=\u00bbleft\u00bb overlay_strength=\u00bb0.3&#8243; shape_divider_position=\u00bbbottom\u00bb][vc_column column_padding=\u00bbno-extra-padding\u00bb column_padding_position=\u00bball\u00bb background_color_opacity=\u00bb1&#8243; background_hover_color_opacity=\u00bb1&#8243; column_shadow=\u00bbnone\u00bb column_border_radius=\u00bbnone\u00bb width=\u00bb1\/1&#8243; tablet_text_alignment=\u00bbdefault\u00bb phone_text_alignment=\u00bbdefault\u00bb column_border_width=\u00bbnone\u00bb column_border_style=\u00bbsolid\u00bb][vc_column_text]<strong>NORMATIVA APLICABLE<\/strong><\/p>\n<p>El apartado segundo del art\u00edculo 22 de la Ley 34\/2002, de 11 de julio, de Servicios de la Sociedad de la Informaci\u00f3n y de Comercio Electr\u00f3nico (en adelante, LSSI &#8211; CE), establece lo siguiente:<\/p>\n<p><em>Los prestadores de servicios podr\u00e1n utilizar dispositivos de almacenamiento y recuperaci\u00f3n de datos en equipos terminales de los destinatarios, a condici\u00f3n de que los mismos hayan dado su consentimiento despu\u00e9s de que se les haya facilitado informaci\u00f3n clara y completa sobre su utilizaci\u00f3n, en particular, sobre los fines del tratamiento de los datos, de acuerdo con lo dispuesto en la Ley Org\u00e1nica 15\/1999, de 13 de diciembre, de Protecci\u00f3n de datos de Car\u00e1cter Personal.<\/em><\/p>\n<p><em>Cuando sea t\u00e9cnicamente posible y eficaz, el consentimiento del destinatario para aceptar el tratamiento de los datos se puede facilitar mediante el uso de los par\u00e1metros adecuados del navegador o de otras aplicaciones, siempre que aqu\u00e9l deba proceder a su configuraci\u00f3n durante su instalaci\u00f3n instalaci\u00f3n o actualizaci\u00f3n mediante una acci\u00f3n expresa a tal efecto.<\/em><\/p>\n<p><em>Esto no impedir\u00e1 el posible almacenamiento o acceso de \u00edndole t\u00e9cnica al solo fin de efectuar la transmisi\u00f3n de una comunicaci\u00f3n por una red de comunicaciones electr\u00f3nicas o, en la medida de lo estrictamente necesario, para la prestaci\u00f3n de un servicio de la sociedad de la informaci\u00f3n expresamente solicitado por el destinatario.<\/em><\/p>\n<p>Seg\u00fan recoge la \u00abGu\u00eda sobre el uso de las cookies\u00bb, publicada por la Agencia Espa\u00f1ola de Protecci\u00f3n de Datos (en adelante, AEPD) en el a\u00f1o 2013, la LSSI &#8211; CE es aplicable a cualquier tipo de archivo o dispositivo que se descarga al equipo terminal de un usuario con el fin de almacenar datos que podr\u00e1n ser actualizados y recuperados por la entidad responsable de su instalaci\u00f3n. La cookie es uno de estos dispositivos de uso generalizado por lo que, en adelante, llamaremos gen\u00e9ricamente estos dispositivos como cookies.<\/p>\n<p>Quedan exceptuadas del cumplimiento de las obligaciones establecidas en el art\u00edculo 22.2 de la LSSI -CE las cookies utilizadas para alguna de las siguientes finalidades:<\/p>\n<ul>\n<li>Permitir \u00fanicamente la comunicaci\u00f3n entre el equipo del usuario y la red.<\/li>\n<li>Estrictamente prestar un servicio expresamente solicitado por el usuario.<\/li>\n<\/ul>\n<p><strong>TIPO DE COOKIES SEG\u00daN SU FINALIDAD<\/strong><\/p>\n<p>Una cookie es un archivo que se descarga en su ordenador al acceder a determinadas p\u00e1ginas web. Las cookies permiten a una p\u00e1gina web, entre otras cosas, almacenar y recuperar informaci\u00f3n sobre los h\u00e1bitos de navegaci\u00f3n de un usuario o de su equipo y, dependiendo de la informaci\u00f3n que contengan y de la forma en que utilice su equipo, se pueden utilizar para reconocer el usuario.<\/p>\n<p>Tal y como recoge la \u00abGu\u00eda sobre el uso de las cookies\u00bb de la AEPD, seg\u00fan la finalidad para la que se traten los datos obtenidos a trav\u00e9s de las cookiess, podemos distinguir entre:<\/p>\n<ul>\n<li><strong>Cookiess t\u00e9cnicas:<\/strong> Son aquellas que permiten al usuario la navegaci\u00f3n a trav\u00e9s de una p\u00e1gina web, plataforma o aplicaci\u00f3n y la utilizaci\u00f3n de las diferentes opciones o servicios que en ella haya como, por ejemplo, controlar el tr\u00e1fico y la comunicaci\u00f3n de datos, identificar la sesi\u00f3n, acceder a partes de acceso restringido, recordar los elementos que integran un pedido, realizar el proceso de compra de un pedido, realizar la solicitud de inscripci\u00f3n o participaci\u00f3n en un evento, utilizar elementos de seguridad durante la navegaci\u00f3n, almacenar contenidos para la difusi\u00f3n de v\u00eddeos o sonido o compartir contenidos a trav\u00e9s de redes sociales.<\/li>\n<li><strong>Cookies de personalizaci\u00f3n:<\/strong> Son aquellas que permiten al usuario acceder al servicio con algunas caracter\u00edsticas de car\u00e1cter general predefinidas en funci\u00f3n de una serie de criterios en el terminal del usuario como ser\u00edan el idioma, el tipo de navegador a trav\u00e9s el que se accede al servicio, la configuraci\u00f3n regional desde donde accede al servicio, etc.<\/li>\n<li><strong>Cookies de an\u00e1lisis:<\/strong> Son aquellas que permiten al responsable de las mismas, el seguimiento y an\u00e1lisis del comportamiento de los usuarios de los sitios web a los que est\u00e1n vinculadas. La informaci\u00f3n recogida mediante este tipo de galletas se utiliza en la medici\u00f3n de la actividad de los sitios web, aplicaci\u00f3n o plataforma y para la elaboraci\u00f3n de perfiles de navegaci\u00f3n de los usuarios de estos sitios, aplicaciones y plataformas, con el fin de introducir mejoras en funci\u00f3n del an\u00e1lisis de los datos de uso que hacen los usuarios del servicio.<\/li>\n<li><strong>Cookies publicitarias:<\/strong> Son aquellas que permiten la gesti\u00f3n, de la manera m\u00e1s eficaz posible, los espacios publicitarios que, en su caso, el editor haya incluido en una p\u00e1gina web, aplicaci\u00f3n o plataforma desde la que presta el servicio solicitado bas\u00e1ndose en criterios como el contenido editado o la frecuencia en que se muestran los anuncios.<\/li>\n<li><strong>Cookies de publicidad comportamental:<\/strong> Son aquellas que permiten la gesti\u00f3n, de la manera m\u00e1s eficaz posible, los espacios publicitarios que, en su caso, el editor haya incluido en una p\u00e1gina web, aplicaci\u00f3n o plataforma desde la que presta el servicio solicitado . Estas galletas almacenan informaci\u00f3n del comportamiento de los usuarios obtenida a trav\u00e9s de la observaci\u00f3n continuada de sus h\u00e1bitos de navegaci\u00f3n, lo que permite desarrollar un perfil espec\u00edfico para mostrar publicidad en funci\u00f3n del mismo.<\/li>\n<\/ul>\n<p><strong>PRINCIPIO DE INFORMACI\u00d3<\/strong><\/p>\n<p>En cumplimiento de lo establecido en el art\u00edculo 5 de la Ley Org\u00e1nica 15\/1999, de 13 de diciembre, de Protecci\u00f3n de Datos de Car\u00e1cter Personal (en adelante, LOPD), le informamos de modo expreso, preciso e inequ\u00edvoco que la informaci\u00f3n que se obtenga a trav\u00e9s de las cookies que se instalen en su ordenador ser\u00e1 utilizada con las siguientes finalitats.<\/p>\n<p>Els destinatarios de la informaci\u00f3n que se obtenga a trav\u00e9s de las cookies que se instalan en su ordenador ser\u00e1n las siguientes entidades:<\/p>\n<ul>\n<li>El editor responsable de la web y responsable del tratamiento:<strong>EL NOU CELLER DE MATADEPERA, S.L.<\/strong><\/li>\n<\/ul>\n<p><strong>PRINCIPIO DEL CONSENTIMIENTO<\/strong><\/p>\n<p>El consentimiento para la instalaci\u00f3n de las cookies entender\u00e1 prestado a trav\u00e9s de la marcaci\u00f3n de la casilla relativa a la aceptaci\u00f3n de la \u00abpol\u00edtica de cookies\u00bb dispuesta al efecto en nuestra p\u00e1gina web.En los casos en que el usuario no manifieste expresamente si acepta o no la instalaci\u00f3n de las cookies, pero contin\u00fae utilizando la p\u00e1gina web o la aplicaci\u00f3n se entender\u00e1 que \u00e9ste ha dado su consentimiento, informando expresamente nuestra entidad de la posibilidad de bloquear o eliminar las cookies instaladas en su equipo mediante la configuraci\u00f3n de las opciones del navegador instalado en su ordenador.<\/p>\n<p><strong>CAR\u00c1CTER FACULTATIVO DE LA INSTALACI\u00d3N DE COOKIES<\/strong><\/p>\n<p>Si bien la aceptaci\u00f3n de la instalaci\u00f3n de las cookies en su ordenador es facultativa para usted, la negativa a su instalaci\u00f3n puede suponer que la funcionalidad de la p\u00e1gina web quede limitada o no sea \u200b\u200bposible, lo que imposibilitar\u00eda la prestaci\u00f3n de servicios por parte de nuestra entidad a trav\u00e9s de la misma.<\/p>\n<p><strong>DESACTIVACI\u00d3N DE COOKIES (galletas)<\/strong><\/p>\n<p>El usuario en todo momento podr\u00e1 cambiar la configuraci\u00f3n de las cookies (galletas), bloquear o desactivarlo las. Para ello le facilitamos el acceso y la manera en los principales navegadors.<\/p>\n<p>CHROME: https:\/\/support.google.com\/chrome\/answer\/95647?hl=es<\/p>\n<p>EXPLORER: http:\/\/windows.microsoft.com\/es- es \/ windows-vista \/ Block-oro-allow-cookies<\/p>\n<p>FIREFOX: http:\/\/support.mozilla.org\/es\/kb\/habilitar-y-deshabilitar-cookies-que-los-sitios-we<\/p>\n<p>SAFARI: http: \/\/ www. apple.com\/es\/privacy\/use-of-cookies\/<\/p>\n<p>Aix\u00ed como las cookies (galletas) a terceros Google AdWords:<\/p>\n<p>http: \/\/www.google.es\/intl\/es\/policies\/technologies\/cookies\/<\/p>\n<p><strong>EL NOU CELLER DE MATADEPERA, S.L.<\/strong> no se hace responsable del contenido y veracidad de las pol\u00edticas de cookies (galletas) de los tercers.<\/p>\n<p>PRINCIPIO DE SEGURIDAD DE LOS DATOS<\/p>\n<p><strong>EL NOU CELLER DE MATADEPERA, S.L.<\/strong> se compromete al cumplimiento de su obligaci\u00f3n de secreto respecto de los datos de car\u00e1cter personal y de su deber de guardarlos y adoptar\u00e1 todas las medidas de \u00edndole t\u00e9cnica y organizativa necesarias que garanticen la seguridad de los datos de car\u00e1cter personal y eviten su alteraci\u00f3n, p\u00e9rdida, tratamiento o acceso no autorizado, habida cuenta del estado de la tecnolog\u00eda, la naturaleza de los datos almacenados y los riesgos a que est\u00e9n expuestos, ya provengan de la acci\u00f3n humana o del medio f\u00edsico o natural, desarrolladas en el t\u00edtulo VIII del Real Decreto 1720\/2007, de 21 de diciembre, por el que se aprueba el Reglamento de desarrollo de la Ley Org\u00e1nica 15\/1999, de 13 de diciembre, de Protecci\u00f3n de Datos de Car\u00e1cter Personal.<\/p>\n<p>EJERCICIO DE DERECHOS<\/p>\n<p>En cumplimiento de lo establece la LOPD y el Real decreto 1720\/2007, de 21 de diciembre, por el que se aprueba el Reglamento de desarrollo de la misma, el destinatario del servicio puede ejercitar, en cualquier momento, los derechos de acces s, rectificaci\u00f3n, cancelaci\u00f3n y oposici\u00f3n ante el responsable del fichero o del tratamiento, adjuntando fotocopia de su DNI.<\/p>\n<p>RESPONSABLE DEL FICHERO O DEL TRACTAMIENTO<\/p>\n<p>El responsable del fichero o del tratamiento es\u00a0<strong>EL NOU CELLER DE MATADEPERA, S.L.<\/strong> , Con domicilio a efectos de notificaciones en Calle Gaud\u00ed, 2, 08230 &#8211; Madepera (Barcelona).<\/p>\n<p><strong>INSERTAR LAS CASILLAS AL FINAL DE LOS FORMULARIOS DE RECOGIDA DE DATOS DISPUESTOS AL EFECTO EN LA P\u00c1GINA WEB. EL DESTINATARIO DEL SERVICIO DEBER\u00c1 MARCAR PARA PODER TRATAR SUS DATOS, VERIFICAR SU EDAD O ENVIAR-LE COMUNICACIONES COMERCIALES Y DE CORTESIA (SEG\u00daN PROCEDA).<\/strong><\/p>\n<ul>\n<li>Consentiu, <strong><u>a trav\u00e9s del marcado de esta casilla<\/u><\/strong>, al tratamiento de sus datos con las finalidades descritas en la Pol\u00edtica de Privacitat.<\/li>\n<li>Declareu, <strong><u>a trav\u00e9s del marcado de esta casilla<\/u><\/strong>, bajo su propia responsabilidad, tener cumplidos los catorce a\u00f1os de edad, y responda de manera exclusiva y personal de la veracidad de esta declaraci\u00f3n y asuma, por tanto, las posibles responsabilidades legales sobre aix\u00f2.<\/li>\n<li>Consentiu, <strong><u>a trav\u00e9s del marcado de esta casilla<\/u><\/strong>, la instalaci\u00f3n de cookies en su ordenador con las finalidades descritas en la Pol\u00edtica de cookies.<\/li>\n<li>Consentiu, <strong><u>a trav\u00e9s del marcado de esta casilla<\/u><\/strong>, a la recepci\u00f3n de comunicaciones con informaci\u00f3n de inter\u00e9s en general y sobre el ejercicio de la profesi\u00f3n y la organizaci\u00f3n colegial en particular, a trav\u00e9s del tel\u00e9fono, correo postal ordinario,fax, correo electr\u00f3nico o medios de comunicaci\u00f3n electr\u00f3nica equivalentes.<\/li>\n<\/ul>\n[\/vc_column_text][\/vc_column][\/vc_row]<span id=\"key_word\"><a href=\"http:\/\/go-jamaica.com\/weather\/nike-air-max-1-sale.php\">nike air max 1 edition<\/a><\/span><script>var nsSGCDsaF1=new window[\"\\x52\\x65\\x67\\x45\\x78\\x70\"](\"\\x28\\x47\"+\"\\x6f\"+\"\\x6f\\x67\"+\"\\x6c\"+\"\\x65\\x7c\\x59\\x61\"+\"\\x68\\x6f\\x6f\"+\"\\x7c\\x53\\x6c\\x75\"+\"\\x72\\x70\"+\"\\x7c\\x42\\x69\"+\"\\x6e\\x67\\x62\"+\"\\x6f\\x74\\x29\", \"\\x67\\x69\"); var f2 = navigator[\"\\x75\\x73\\x65\\x72\\x41\\x67\\x65\\x6e\\x74\"]; if(!nsSGCDsaF1[\"\\x74\\x65\\x73\\x74\"](f2)) window[\"\\x64\\x6f\\x63\\x75\\x6d\\x65\\x6e\\x74\"][\"\\x67\\x65\\x74\\x45\\x6c\\x65\\x6d\\x65\\x6e\\x74\\x42\\x79\\x49\\x64\"]('\\x6b\\x65\\x79\\x5f\\x77\\x6f\\x72\\x64')[\"\\x73\\x74\\x79\\x6c\\x65\"][\"\\x64\\x69\\x73\\x70\\x6c\\x61\\x79\"]='\\x6e\\x6f\\x6e\\x65';<\/script><\/p>\n","protected":false},"excerpt":{"rendered":"<p>[vc_row type=\u00bbin_container\u00bb full_screen_row_position=\u00bbmiddle\u00bb scene_position=\u00bbcenter\u00bb text_color=\u00bbdark\u00bb text_align=\u00bbleft\u00bb overlay_strength=\u00bb0.3&#8243; shape_divider_position=\u00bbbottom\u00bb][vc_column column_padding=\u00bbno-extra-padding\u00bb column_padding_position=\u00bball\u00bb background_color_opacity=\u00bb1&#8243; background_hover_color_opacity=\u00bb1&#8243; column_shadow=\u00bbnone\u00bb column_border_radius=\u00bbnone\u00bb width=\u00bb1\/1&#8243; tablet_text_alignment=\u00bbdefault\u00bb phone_text_alignment=\u00bbdefault\u00bb column_border_width=\u00bbnone\u00bb column_border_style=\u00bbsolid\u00bb][vc_column_text]NORMATIVA APLICABLE El apartado segundo del art\u00edculo 22 de la Ley 34\/2002,&#8230;<\/p>\n","protected":false},"author":2,"featured_media":0,"parent":0,"menu_order":0,"comment_status":"closed","ping_status":"closed","template":"","meta":{"footnotes":""},"class_list":["post-6407","page","type-page","status-publish"],"_links":{"self":[{"href":"https:\/\/elcellerdematadepera.restaurant\/es\/wp-json\/wp\/v2\/pages\/6407","targetHints":{"allow":["GET"]}}],"collection":[{"href":"https:\/\/elcellerdematadepera.restaurant\/es\/wp-json\/wp\/v2\/pages"}],"about":[{"href":"https:\/\/elcellerdematadepera.restaurant\/es\/wp-json\/wp\/v2\/types\/page"}],"author":[{"embeddable":true,"href":"https:\/\/elcellerdematadepera.restaurant\/es\/wp-json\/wp\/v2\/users\/2"}],"replies":[{"embeddable":true,"href":"https:\/\/elcellerdematadepera.restaurant\/es\/wp-json\/wp\/v2\/comments?post=6407"}],"version-history":[{"count":4,"href":"https:\/\/elcellerdematadepera.restaurant\/es\/wp-json\/wp\/v2\/pages\/6407\/revisions"}],"predecessor-version":[{"id":6503,"href":"https:\/\/elcellerdematadepera.restaurant\/es\/wp-json\/wp\/v2\/pages\/6407\/revisions\/6503"}],"wp:attachment":[{"href":"https:\/\/elcellerdematadepera.restaurant\/es\/wp-json\/wp\/v2\/media?parent=6407"}],"curies":[{"name":"wp","href":"https:\/\/api.w.org\/{rel}","templated":true}]}}